{"id":776,"date":"2022-08-24T09:52:16","date_gmt":"2022-08-24T09:52:16","guid":{"rendered":"https:\/\/aclc.ma\/FR\/wp\/?page_id=776"},"modified":"2022-10-02T20:08:24","modified_gmt":"2022-10-02T20:08:24","slug":"arabe-marocain-darija","status":"publish","type":"page","link":"https:\/\/aclc.ma\/FR\/arabe-marocain-darija\/","title":{"rendered":"L&rsquo;Arabe Marocain (Darija)"},"content":{"rendered":"<style>\/*! elementor - v3.5.3 - 28-12-2021 *\/\n.elementor-heading-title{padding:0;margin:0;line-height:1}.elementor-widget-heading .elementor-heading-title[class*=elementor-size-]>a{color:inherit;font-size:inherit;line-height:inherit}.elementor-widget-heading .elementor-heading-title.elementor-size-small{font-size:15px}.elementor-widget-heading .elementor-heading-title.elementor-size-medium{font-size:19px}.elementor-widget-heading .elementor-heading-title.elementor-size-large{font-size:29px}.elementor-widget-heading .elementor-heading-title.elementor-size-xl{font-size:39px}.elementor-widget-heading .elementor-heading-title.elementor-size-xxl{font-size:59px}<\/style>\n<h2>Les cours d\u2019Arabe Marocain (Darija) \u00e0 l\u2019ACLC sont parfaits pour&nbsp;:<\/h2>\n<style>\/*! elementor - v3.5.3 - 28-12-2021 *\/\n.elementor-widget-image{text-align:center}.elementor-widget-image a{display:inline-block}.elementor-widget-image a img[src$=\".svg\"]{width:48px}.elementor-widget-image img{vertical-align:middle;display:inline-block}<\/style>\n<p>\t\t\t\t\t\t\t\t\t\t\t\t<img decoding=\"async\" src=\"https:\/\/aclc.ma\/FR\/wp-content\/uploads\/elementor\/thumbs\/tangier-morocco-putiwflg67zu1upvgvtucf68lf7a8e6slwupl709vc.jpg\" title=\"tangier-morocco\" alt=\"tangier-morocco\" \/>\t\t\t\t\t\t\t\t\t\t\t\t\t\t\t<\/p>\n<p>Les expats qui veulent apprendre la darija rapidement pour se familiariser avec la vie marocaine et converser avec les locaux.<\/p>\n<p>\t\t\t\t\t\t\t\t\t\t\t\t\t\t\t<img decoding=\"async\" src=\"https:\/\/aclc.ma\/FR\/wp-content\/uploads\/elementor\/thumbs\/marrakech-morocco-putiwflg67zu1upvgvtucf68lf7a8e6slwupl709vc.jpg\" title=\"marrakech-morocco\" alt=\"marrakech-morocco\" \/>\t\t\t\t\t\t\t\t\t\t\t\t\t\t\t<\/p>\n<p>Les hommes d&rsquo;affaires \u00e9trangers et autres expats qui veulent apprendre \u00e0 communiquer avec leurs coll\u00e8gues et les locaux (chauffeurs de taxi, concierges, etc.).<\/p>\n<p>\t\t\t\t\t\t\t\t\t\t\t\t\t\t\t<img decoding=\"async\" src=\"https:\/\/aclc.ma\/FR\/wp-content\/uploads\/elementor\/thumbs\/chef-putiwenlzdyjq8r8mdf7rxes01bx0p329s783x1o1k.jpg\" title=\"chef\" alt=\"chef\" \/>\t\t\t\t\t\t\t\t\t\t\t\t\t\t\t<\/p>\n<p>Toute personne souhaitant apprendre des langues et d\u00e9velopper ses horizons !<\/p>\n<p>Notre approche de l\u2019Arabe Marocain (Darija) est bas\u00e9e sur :<\/p>\n<style>\/*! elementor - v3.5.3 - 28-12-2021 *\/\n@media (min-width:768px){.elementor-widget-icon-box.elementor-position-left .elementor-icon-box-wrapper,.elementor-widget-icon-box.elementor-position-right .elementor-icon-box-wrapper{display:-webkit-box;display:-ms-flexbox;display:flex}.elementor-widget-icon-box.elementor-position-left .elementor-icon-box-icon,.elementor-widget-icon-box.elementor-position-right .elementor-icon-box-icon{display:-webkit-inline-box;display:-ms-inline-flexbox;display:inline-flex;-webkit-box-flex:0;-ms-flex:0 0 auto;flex:0 0 auto}.elementor-widget-icon-box.elementor-position-right .elementor-icon-box-wrapper{text-align:right;-webkit-box-orient:horizontal;-webkit-box-direction:reverse;-ms-flex-direction:row-reverse;flex-direction:row-reverse}.elementor-widget-icon-box.elementor-position-left .elementor-icon-box-wrapper{text-align:left;-webkit-box-orient:horizontal;-webkit-box-direction:normal;-ms-flex-direction:row;flex-direction:row}.elementor-widget-icon-box.elementor-position-top .elementor-icon-box-img{margin:auto}.elementor-widget-icon-box.elementor-vertical-align-top .elementor-icon-box-wrapper{-webkit-box-align:start;-ms-flex-align:start;align-items:flex-start}.elementor-widget-icon-box.elementor-vertical-align-middle .elementor-icon-box-wrapper{-webkit-box-align:center;-ms-flex-align:center;align-items:center}.elementor-widget-icon-box.elementor-vertical-align-bottom .elementor-icon-box-wrapper{-webkit-box-align:end;-ms-flex-align:end;align-items:flex-end}}@media (max-width:767px){.elementor-widget-icon-box .elementor-icon-box-icon{margin-left:auto!important;margin-right:auto!important;margin-bottom:15px}}.elementor-widget-icon-box .elementor-icon-box-wrapper{text-align:center}.elementor-widget-icon-box .elementor-icon-box-title a{color:inherit}.elementor-widget-icon-box .elementor-icon-box-content{-webkit-box-flex:1;-ms-flex-positive:1;flex-grow:1}.elementor-widget-icon-box .elementor-icon-box-description{margin:0}<\/style>\n<p>\t\t\t\t<svg xmlns=\"http:\/\/www.w3.org\/2000\/svg\" xmlns:xlink=\"http:\/\/www.w3.org\/1999\/xlink\" id=\"Layer_1\" x=\"0px\" y=\"0px\" viewBox=\"0 0 511.999 511.999\" style=\"enable-background:new 0 0 511.999 511.999;\" xml:space=\"preserve\"><g>\t<polygon style=\"fill:#D35B38;\" points=\"253.442,102.829 430.307,102.829 430.307,206.192 317.374,206.192 317.374,239.881   283.686,206.192 253.442,206.192  \"><\/polygon>\t<path style=\"fill:#D35B38;\" d=\"M129.364,268.775c0,0-2.696,5.213,8.088,10.785c4.391,2.268,12.446,4.477,20.455,6.299l0.77-11.812  c1.062-16.284-11.86-30.075-28.178-30.075h-25.995c-16.319,0-29.24,13.791-28.178,30.075l1.156,17.715  C118.437,289.485,129.364,268.775,129.364,268.775z\"><\/path><\/g><path style=\"fill:#FFE6B8;\" d=\"M137.453,279.56c-10.785-5.572-8.088-10.785-8.088-10.785s-10.926,20.709-51.883,22.987l2.698,41.368 c0.831,12.744,8.107,24.183,19.298,30.338l0,0c11.223,6.173,24.826,6.173,36.049,0l0,0c11.191-6.155,18.467-17.594,19.298-30.338 l3.083-47.272C149.899,284.037,141.843,281.828,137.453,279.56z\"><\/path><path style=\"fill:#BCC987;\" d=\"M220.5,447.796c-4.618-25.489-24.514-44.93-49.209-49.579c-3.717-0.7-7.54-1.068-11.437-1.068 h-12.965l-29.386,29.386l-29.386-29.386H75.151c-3.898,0-7.722,0.368-11.438,1.068c-24.696,4.65-44.592,24.091-49.209,49.579 l-4.305,23.764h214.607L220.5,447.796z\"><\/path><path style=\"fill:#D35B38;\" d=\"M406.36,268.775c0,0-2.696,5.213,8.088,10.785c4.391,2.268,12.446,4.477,20.454,6.299l0.77-11.812 c1.062-16.284-11.86-30.075-28.178-30.075h-25.995c-16.319,0-29.24,13.791-28.178,30.075l1.156,17.715 C395.432,289.485,406.36,268.775,406.36,268.775z\"><\/path><path style=\"fill:#FFE6B8;\" d=\"M414.448,279.56c-10.785-5.572-8.088-10.785-8.088-10.785s-10.926,20.709-51.883,22.987l2.698,41.368 c0.831,12.744,8.107,24.183,19.298,30.338l0,0c11.223,6.173,24.826,6.173,36.049,0l0,0c11.191-6.155,18.467-17.594,19.298-30.338 l3.083-47.272C426.894,284.037,418.838,281.828,414.448,279.56z\"><\/path><path style=\"fill:#BCC987;\" d=\"M497.495,447.796c-4.618-25.489-24.514-44.93-49.209-49.579c-3.717-0.7-7.54-1.068-11.437-1.068 h-12.965l-29.386,29.386l-29.386-29.386h-12.965c-3.898,0-7.722,0.368-11.438,1.068c-24.696,4.65-44.592,24.091-49.209,49.579 l-4.305,23.764H501.8L497.495,447.796z\"><\/path><polygon style=\"fill:#FFAD61;\" points=\"270.83,40.439 34.568,40.439 34.568,178.514 185.428,178.514 185.428,223.516  230.43,178.514 270.83,178.514 \"><\/polygon><g>\t<path style=\"fill:#4D3D36;\" d=\"M310.162,247.093c1.952,1.951,4.56,2.987,7.214,2.987c1.314,0,2.64-0.255,3.901-0.777  c3.811-1.579,6.296-5.297,6.296-9.423v-23.49h102.735c5.633,0,10.199-4.566,10.199-10.199V102.829  c0-5.633-4.566-10.199-10.199-10.199H281.029v-52.19c0-5.633-4.566-10.199-10.199-10.199H34.569  c-5.633,0-10.199,4.566-10.199,10.199v138.074c0,5.633,4.566,10.199,10.199,10.199h140.66v34.803c0,4.125,2.486,7.844,6.296,9.423  c1.262,0.523,2.587,0.777,3.901,0.777c2.654,0,5.263-1.037,7.214-2.987l42.015-42.015h8.589v17.478  c0,5.633,4.566,10.199,10.199,10.199h26.018L310.162,247.093z M230.43,168.315c-2.705,0-5.3,1.075-7.212,2.987l-27.591,27.591  v-20.379c0-5.633-4.566-10.199-10.199-10.199H44.768V50.639H260.63v117.675H230.43V168.315z M263.641,188.713h7.187  c5.633,0,10.199-4.566,10.199-10.199v-65.486h139.08v82.964H317.374c-5.633,0-10.199,4.566-10.199,10.199v9.066l-16.277-16.278  c-1.912-1.912-4.507-2.987-7.212-2.987h-20.043L263.641,188.713L263.641,188.713z\"><\/path>\t<path style=\"fill:#4D3D36;\" d=\"M307.649,149.014h85.959c5.633,0,10.199-4.566,10.199-10.199c0-5.633-4.566-10.199-10.199-10.199  h-85.959c-5.633,0-10.199,4.566-10.199,10.199C297.45,144.448,302.016,149.014,307.649,149.014z\"><\/path>\t<path style=\"fill:#4D3D36;\" d=\"M307.649,179.64h85.959c5.633,0,10.199-4.566,10.199-10.199s-4.566-10.199-10.199-10.199h-85.959  c-5.633,0-10.199,4.566-10.199,10.199S302.016,179.64,307.649,179.64z\"><\/path>\t<path style=\"fill:#4D3D36;\" d=\"M70.001,333.795c1.064,16.303,10.245,30.737,24.561,38.61c7.182,3.951,15.06,5.926,22.94,5.926  c7.878,0,15.759-1.976,22.939-5.926c14.316-7.873,23.497-22.308,24.561-38.61l3.083-47.272v-0.001l0.77-11.811  c0.688-10.564-3.067-21.055-10.305-28.781c-7.239-7.726-17.463-12.157-28.05-12.157h-25.995c-10.587,0-20.81,4.432-28.049,12.157  c-7.239,7.726-10.996,18.216-10.306,28.781l1.156,17.715L70.001,333.795z M130.611,354.532c-8.209,4.515-18.01,4.515-26.219,0  c-8.181-4.5-13.427-12.748-14.035-22.065l-2.054-31.503c19.356-2.663,31.783-9.313,39.425-15.428  c1.496,1.093,3.178,2.122,5.044,3.085c3.284,1.697,8.04,3.379,14.402,5.093l-2.527,38.753  C144.038,341.784,138.792,350.032,130.611,354.532z M142.134,270.499c-0.892-0.461-1.564-0.871-2.068-1.215l3.546-9.457  c0.016,0.017,0.035,0.032,0.051,0.049c3.334,3.559,5.051,8.163,4.862,13.014C144.966,271.801,143.089,270.992,142.134,270.499z   M91.34,259.876c3.447-3.679,8.122-5.705,13.164-5.705h19.444l-3.805,10.147c-1.341,1.919-9.789,12.567-33.173,16.218l-0.466-7.153  C86.175,268.353,87.893,263.556,91.34,259.876z\"><\/path>\t<path style=\"fill:#4D3D36;\" d=\"M230.536,445.978C230.536,445.977,230.536,445.977,230.536,445.978  c-5.271-29.095-28.321-52.317-57.357-57.785c-4.386-0.826-8.869-1.244-13.325-1.244h-12.965c-2.705,0-5.299,1.075-7.212,2.987  l-22.173,22.174l-22.175-22.175c-1.912-1.912-4.507-2.987-7.212-2.987H75.151c-4.457,0-8.94,0.419-13.324,1.244  c-29.036,5.467-52.087,28.688-57.358,57.785l-4.305,23.764c-0.539,2.975,0.27,6.035,2.208,8.355s4.805,3.662,7.828,3.662h214.607  c3.023,0,5.89-1.341,7.828-3.662c1.938-2.32,2.747-5.381,2.208-8.355L230.536,445.978z M22.411,461.361l2.128-11.746  c3.775-20.834,20.276-37.461,41.061-41.374c3.143-0.592,6.357-0.892,9.551-0.892h8.741l26.399,26.399  c1.912,1.912,4.507,2.987,7.212,2.987s5.3-1.075,7.212-2.987l26.398-26.399h8.741c3.193,0,6.407,0.3,9.551,0.892  c20.785,3.913,37.286,20.541,41.061,41.374l2.128,11.747H22.411V461.361z\"><\/path>\t<path style=\"fill:#4D3D36;\" d=\"M407.494,233.772h-25.995c-10.588,0-20.811,4.432-28.05,12.157  c-7.238,7.727-10.995,18.217-10.305,28.781l1.156,17.715l2.698,41.369c1.064,16.303,10.245,30.737,24.561,38.61  c7.182,3.951,15.06,5.926,22.94,5.926c7.878,0,15.759-1.976,22.939-5.926c14.316-7.873,23.497-22.308,24.561-38.61l3.082-47.272  l0.77-11.812c0.688-10.565-3.068-21.056-10.306-28.782C428.304,238.204,418.082,233.772,407.494,233.772z M419.129,270.499  c-0.892-0.461-1.564-0.871-2.068-1.215l3.546-9.457c0.016,0.017,0.034,0.032,0.05,0.048c3.334,3.56,5.051,8.164,4.863,13.015  C421.961,271.801,420.085,270.992,419.129,270.499z M368.335,259.876c3.447-3.679,8.123-5.705,13.164-5.705h19.444l-3.805,10.147  c-1.341,1.919-9.789,12.567-33.173,16.218l-0.466-7.153C363.171,268.353,364.889,263.556,368.335,259.876z M407.606,354.532  c-8.209,4.515-18.01,4.515-26.219,0c-8.181-4.5-13.427-12.748-14.035-22.065l-2.054-31.503  c19.356-2.663,31.783-9.313,39.425-15.428c1.496,1.093,3.178,2.122,5.042,3.085c3.284,1.696,8.039,3.378,14.402,5.093  l-2.527,38.753C421.034,341.784,415.788,350.032,407.606,354.532z\"><\/path>\t<path style=\"fill:#4D3D36;\" d=\"M511.836,469.741l-4.305-23.764l0,0c-5.271-29.095-28.322-52.317-57.358-57.784  c-4.386-0.826-8.868-1.244-13.325-1.244h-12.965c-2.705,0-5.3,1.075-7.212,2.987l-22.174,22.174l-22.173-22.174  c-1.912-1.912-4.507-2.987-7.212-2.987h-12.965c-4.457,0-8.941,0.419-13.325,1.244c-29.036,5.467-52.086,28.688-57.357,57.785  l-4.305,23.764c-0.539,2.975,0.27,6.035,2.208,8.355s4.805,3.661,7.828,3.661H501.8c3.023,0,5.89-1.341,7.828-3.661  C511.566,475.776,512.374,472.716,511.836,469.741z M299.407,461.361l2.128-11.746c3.775-20.834,20.275-37.461,41.061-41.374  c3.144-0.592,6.357-0.892,9.551-0.892h8.741l26.398,26.399c1.912,1.912,4.507,2.987,7.212,2.987s5.3-1.075,7.212-2.987  l26.399-26.399h8.741c3.193,0,6.407,0.3,9.551,0.892c20.785,3.913,37.287,20.541,41.061,41.374l2.128,11.747h-190.18V461.361z\"><\/path>\t<path style=\"fill:#4D3D36;\" d=\"M227.873,78.311h-6.137c-5.633,0-10.199,4.566-10.199,10.199c0,5.633,4.566,10.199,10.199,10.199  h6.137c5.633,0,10.199-4.566,10.199-10.199C238.072,82.877,233.506,78.311,227.873,78.311z\"><\/path>\t<path style=\"fill:#4D3D36;\" d=\"M77.525,98.709H185.94c5.633,0,10.199-4.566,10.199-10.199c0-5.633-4.566-10.199-10.199-10.199  H77.525c-5.633,0-10.199,4.566-10.199,10.199C67.326,94.143,71.892,98.709,77.525,98.709z\"><\/path>\t<path style=\"fill:#4D3D36;\" d=\"M227.873,119.222H77.525c-5.633,0-10.199,4.566-10.199,10.199c0,5.633,4.566,10.199,10.199,10.199  h150.347c5.633,0,10.199-4.566,10.199-10.199C238.072,123.788,233.506,119.222,227.873,119.222z\"><\/path><\/g><g><\/g><g><\/g><g><\/g><g><\/g><g><\/g><g><\/g><g><\/g><g><\/g><g><\/g><g><\/g><g><\/g><g><\/g><g><\/g><g><\/g><g><\/g><\/svg>\t\t\t\t<\/p>\n<h3>\n\t\t\t\t\t\tConversation<br \/>\n\t\t\t\t<\/h3>\n<p>\n\t\t\t\t\t\tLe darija est avant tout une langue parl\u00e9e, nous mettons donc l&rsquo;accent sur l&rsquo;expression orale et l&rsquo;\u00e9coute en utilisant des images, des histoires et la pratique orale. Nous utilisons la conversation en classe presque exclusivement dans les premiers niveaux, et de plus en plus nous utilisons des histoires, des enregistrements audios, des vid\u00e9os et des documents \u00e9crits.\t\t\t\t\t<\/p>\n<p>\t\t\t\t<svg xmlns=\"http:\/\/www.w3.org\/2000\/svg\" xmlns:xlink=\"http:\/\/www.w3.org\/1999\/xlink\" id=\"Layer_1\" x=\"0px\" y=\"0px\" viewBox=\"0 0 256 256\" xml:space=\"preserve\"><g>\t<path d=\"M223.8,95.9c-0.4-0.2-1.5-0.2-1.9-0.4c-0.4-0.2-1.9-0.2-2.6-0.2c-4.3,0-7.4,1.7-9.1,4.7l-22.8,37.6l-28.7,0.5  c-4.7,0-8.7,3.8-8.7,8.7c0,1.3,0.3,2.5,0.8,3.6h-46c0.5-1.1,0.8-2.3,0.8-3.6c0-4.9-4-8.7-8.7-8.7H68.2L45.4,100  c-1.7-3-4.9-4.7-9.1-4.7c-0.6,0-2.1,0-2.6,0.2c-0.4,0.2-1.5,0.2-1.9,0.4c-29.2,6.7-29.3,69-29.1,80.9c0,10.9,3.8,15.7,11.7,18.7  c1.9,0.9,4.3,1.3,6.2,1.3l50.2,0v43.4c0,6.4,4.9,11.3,11.3,11.3c6.4,0,11.3-4.9,11.3-11.3v-54.3c0-3-1.3-6.2-3.4-8.1  c-2.3-2.3-5.3-3.6-8.1-3.6H48.4v-25.1L31,119.5c-0.9-1.3-0.4-2.8,0.6-3.4c1.3-0.9,2.8-0.4,3.4,0.6L55.2,151  c0.1,0.2,0.3,0.4,0.4,0.7v15.7H200v-15.7c0.2-0.2,0.3-0.4,0.4-0.7l20.2-34.3c0.6-1.1,2.1-1.5,3.4-0.6c1.1,0.6,1.5,2.1,0.6,3.4  l-17.4,29.6v25.1h-33.4c-2.8,0-5.7,1.3-8.1,3.6c-2.1,1.9-3.4,5.1-3.4,8.1v54.3c0,6.4,4.9,11.3,11.3,11.3c6.4,0,11.3-4.9,11.3-11.3  v-43.4h50.2c1.9,0,4.3-0.4,6.2-1.3c7.9-3,11.7-7.8,11.7-18.7C253.2,165,253.1,102.6,223.8,95.9z\"><\/path>\t<ellipse transform=\"matrix(0.3827 -0.9239 0.9239 0.3827 56.0066 232.6846)\" cx=\"202.1\" cy=\"74.4\" rx=\"20.2\" ry=\"20.2\"><\/ellipse>\t<ellipse transform=\"matrix(0.3827 -0.9239 0.9239 0.3827 -35.7223 95.4025)\" cx=\"53.5\" cy=\"74.4\" rx=\"20.2\" ry=\"20.2\"><\/ellipse>\t<path d=\"M114.7,67.8v0.6h11.2h3.9H141v-0.6c0-6.4,2.5-12.6,7-17.3c4.6-4.9,7.5-11.6,7.5-18.9c0-15.4-12.7-27.9-28.2-27.6  c-15.1,0.4-27.1,13-26.9,28c0.1,7.1,2.9,13.6,7.5,18.4C112.1,55.2,114.7,61.3,114.7,67.8z\"><\/path>\t<rect x=\"114.7\" y=\"72.3\" width=\"26.3\" height=\"5.2\"><\/rect>\t<path d=\"M123.9,88.1h7.9c2.9,0,5.3-2.4,5.3-5.3v-1.3h-18.4v1.3C118.6,85.7,121,88.1,123.9,88.1z\"><\/path><\/g><\/svg>\t\t\t\t<\/p>\n<h3>\n\t\t\t\t\t\tCommunaut\u00e9<br \/>\n\t\t\t\t<\/h3>\n<p>\n\t\t\t\t\t\tLa mission de l&rsquo;ACLC est d&rsquo;\u00eatre un lieu d&rsquo;\u00e9change culturel o\u00f9 les locaux et les \u00e9trangers peuvent apprendre les uns des autres. \u00c0 l&rsquo;ACLC, vous trouverez un environnement plein d&rsquo;opportunit\u00e9s pour rencontrer, pratiquer et apprendre de personnes d&rsquo;autres cultures.\t\t\t\t\t<\/p>\n<p>\t\t\t\t<svg xmlns=\"http:\/\/www.w3.org\/2000\/svg\" width=\"64px\" height=\"64px\" viewBox=\"0 0 64 64\" id=\"morocco\"><title>morocco<\/title><circle cx=\"39.5\" cy=\"30.5\" r=\"22.5\" style=\"fill:#edebdc\"><\/circle><line x1=\"62\" y1=\"58\" x2=\"2\" y2=\"58\" style=\"fill:none;stroke:#4c241d;stroke-linecap:round;stroke-linejoin:round;stroke-width:2px\"><\/line><rect x=\"5\" y=\"50.002\" width=\"54\" height=\"7.998\" style=\"fill:#edebdc;stroke:#4c241d;stroke-linecap:round;stroke-linejoin:round;stroke-width:2px\"><\/rect><rect x=\"8\" y=\"47\" width=\"48\" height=\"3.002\" style=\"fill:#edebdc;stroke:#4c241d;stroke-linecap:round;stroke-linejoin:round;stroke-width:2px\"><\/rect><polygon points=\"51.191 47 12.809 47 15.216 43 48.784 43 51.191 47\" style=\"fill:#a9ba5a;stroke:#4c241d;stroke-linecap:round;stroke-linejoin:round;stroke-width:2px\"><\/polygon><rect x=\"50\" y=\"55.009\" width=\"3\" height=\"2.991\" style=\"fill:#ffce56;stroke:#4c241d;stroke-linecap:round;stroke-linejoin:round;stroke-width:2px\"><\/rect><rect x=\"31\" y=\"55.009\" width=\"3\" height=\"2.991\" style=\"fill:#ffce56;stroke:#4c241d;stroke-linecap:round;stroke-linejoin:round;stroke-width:2px\"><\/rect><rect x=\"14\" y=\"55.009\" width=\"3\" height=\"2.991\" style=\"fill:#ffce56;stroke:#4c241d;stroke-linecap:round;stroke-linejoin:round;stroke-width:2px\"><\/rect><line x1=\"14.477\" y1=\"55.009\" x2=\"51.386\" y2=\"55.009\" style=\"fill:none;stroke:#4c241d;stroke-linecap:round;stroke-linejoin:round;stroke-width:2px\"><\/line><rect x=\"28\" y=\"23\" width=\"8\" height=\"32.009\" style=\"fill:#edebdc;stroke:#4c241d;stroke-linecap:round;stroke-linejoin:round;stroke-width:2px\"><\/rect><line x1=\"32\" y1=\"23\" x2=\"32\" y2=\"55\" style=\"fill:none;stroke:#4c241d;stroke-linecap:round;stroke-linejoin:round;stroke-width:2px\"><\/line><rect x=\"28\" y=\"29.977\" width=\"8\" height=\"5.006\" style=\"fill:#a9ba5a;stroke:#4c241d;stroke-linecap:round;stroke-linejoin:round;stroke-width:2px\"><\/rect><rect x=\"28\" y=\"23\" width=\"8\" height=\"4\" style=\"fill:#a9ba5a;stroke:#4c241d;stroke-linecap:round;stroke-linejoin:round;stroke-width:2px\"><\/rect><rect x=\"29\" y=\"18\" width=\"6\" height=\"5\" style=\"fill:#edebdc;stroke:#4c241d;stroke-linecap:round;stroke-linejoin:round;stroke-width:2px\"><\/rect><line x1=\"32\" y1=\"18\" x2=\"32\" y2=\"14\" style=\"fill:none;stroke:#4c241d;stroke-linecap:round;stroke-linejoin:round;stroke-width:2px\"><\/line><\/svg>\t\t\t\t<\/p>\n<h3>\n\t\t\t\t\t\tCulture<br \/>\n\t\t\t\t<\/h3>\n<p>\n\t\t\t\t\t\tParce que la culture est la cl\u00e9 de la communication en darija, nous int\u00e9grons l\u2019apprentissage culturel dans tout le programme.\t\t\t\t\t<\/p>\n<p>\t\t\t\t<svg xmlns=\"http:\/\/www.w3.org\/2000\/svg\" xmlns:xlink=\"http:\/\/www.w3.org\/1999\/xlink\" id=\"Capa_1\" x=\"0px\" y=\"0px\" viewBox=\"0 0 460 460\" style=\"enable-background:new 0 0 460 460;\" xml:space=\"preserve\" width=\"512\" height=\"512\"><g id=\"XMLID_1217_\">\t<path id=\"XMLID_1213_\" style=\"fill:#CBB57A;\" d=\"M460,380H0V60h460V380z\"><\/path>\t<path id=\"XMLID_1214_\" style=\"fill:#826846;\" d=\"M460,400H0v-20l20-10h420l20,10V400z\"><\/path>\t<path id=\"XMLID_1212_\" style=\"fill:#9E8E60;\" d=\"M460,380H0l10-10l10-10V80L0,60h460l-20,20v280L460,380z\"><\/path>\t<path id=\"XMLID_1210_\" style=\"fill:#3A3B34;\" d=\"M440,360H20V80h420V360z\"><\/path>\t<path id=\"XMLID_1209_\" style=\"fill:#E5B352;\" d=\"M190,330v30c0,5.523-4.477,10-10,10H60c-5.523,0-10-4.477-10-10v-30   c0-5.523,4.477-10,10-10h120C185.523,320,190,324.477,190,330z\"><\/path>\t<path id=\"XMLID_1207_\" style=\"fill:#D66A40;\" d=\"M170,370H70v-50h100V370z\"><\/path>\t<path id=\"XMLID_1205_\" style=\"fill:#D1D6CE;\" d=\"M410,355v10c0,2.761-2.239,5-5,5h-60c-2.761,0-5-2.239-5-5v-10   c0-2.761,2.239-5,5-5h60C407.761,350,410,352.239,410,355z\"><\/path>\t<path id=\"XMLID_1976_\" style=\"fill:#D1D6CE;\" d=\"M189.489,136.838c-1.279-3.837-4.744-6.526-8.778-6.813   c-4.037-0.291-7.845,1.885-9.653,5.502L133.822,210h-13.82c-5.523,0-10,4.477-10,10s4.477,10,10,10h3.82l-12.764,25.528   c-2.47,4.94-0.468,10.947,4.472,13.417c4.939,2.469,10.947,0.467,13.417-4.472L146.183,230h53.279l11.054,33.162   c1.397,4.191,5.298,6.841,9.485,6.841c1.048,0,2.115-0.167,3.164-0.516c5.24-1.747,8.071-7.41,6.325-12.649L189.489,136.838z    M156.182,210l21.967-43.935L192.795,210H156.182z M340,170c-5.523,0-10,4.477-10,10v0.027C321.637,173.736,311.247,170,300,170   c-27.57,0-50,22.43-50,50s22.43,50,50,50c11.247,0,21.637-3.735,30-10.027V260c0,5.523,4.477,10,10,10s10-4.477,10-10v-80   C350,174.478,345.523,170,340,170z M300,250c-16.542,0-30-13.458-30-30s13.458-30,30-30s30,13.458,30,30S316.542,250,300,250z\"><\/path><\/g><\/svg>\t\t\t\t<\/p>\n<h3>\n\t\t\t\t\t\tIntegration<br \/>\n\t\t\t\t<\/h3>\n<p>\n\t\t\t\t\t\tAu cours des six niveaux, nous int\u00e9grons tous les aspects de la langue  parler, \u00e9couter, lire et \u00e9crire.\t\t\t\t\t<\/p>\n","protected":false},"excerpt":{"rendered":"<p>Les cours d\u2019Arabe Marocain (Darija) \u00e0 l\u2019ACLC sont parfaits pour&nbsp;: Les expats qui veulent apprendre la darija rapidement pour se familiariser avec la vie marocaine et converser avec les locaux. Les hommes d&rsquo;affaires \u00e9trangers et autres expats qui veulent apprendre \u00e0 communiquer avec leurs coll\u00e8gues et les locaux (chauffeurs de&hellip;<\/p>\n","protected":false},"author":1,"featured_media":0,"parent":0,"menu_order":0,"comment_status":"closed","ping_status":"closed","template":"elementor_header_footer","meta":{"footnotes":""},"class_list":["post-776","page","type-page","status-publish","hentry"],"_links":{"self":[{"href":"https:\/\/aclc.ma\/FR\/wp-json\/wp\/v2\/pages\/776","targetHints":{"allow":["GET"]}}],"collection":[{"href":"https:\/\/aclc.ma\/FR\/wp-json\/wp\/v2\/pages"}],"about":[{"href":"https:\/\/aclc.ma\/FR\/wp-json\/wp\/v2\/types\/page"}],"author":[{"embeddable":true,"href":"https:\/\/aclc.ma\/FR\/wp-json\/wp\/v2\/users\/1"}],"replies":[{"embeddable":true,"href":"https:\/\/aclc.ma\/FR\/wp-json\/wp\/v2\/comments?post=776"}],"version-history":[{"count":146,"href":"https:\/\/aclc.ma\/FR\/wp-json\/wp\/v2\/pages\/776\/revisions"}],"predecessor-version":[{"id":2962,"href":"https:\/\/aclc.ma\/FR\/wp-json\/wp\/v2\/pages\/776\/revisions\/2962"}],"wp:attachment":[{"href":"https:\/\/aclc.ma\/FR\/wp-json\/wp\/v2\/media?parent=776"}],"curies":[{"name":"wp","href":"https:\/\/api.w.org\/{rel}","templated":true}]}}