{"id":775,"date":"2022-08-24T09:52:16","date_gmt":"2022-08-24T09:52:16","guid":{"rendered":"https:\/\/aclc.ma\/FR\/wp\/?page_id=775"},"modified":"2022-10-02T19:11:05","modified_gmt":"2022-10-02T19:11:05","slug":"allemand","status":"publish","type":"page","link":"https:\/\/aclc.ma\/FR\/allemand\/","title":{"rendered":"Allemand"},"content":{"rendered":"<style>\/*! elementor - v3.5.3 - 28-12-2021 *\/\n.elementor-heading-title{padding:0;margin:0;line-height:1}.elementor-widget-heading .elementor-heading-title[class*=elementor-size-]>a{color:inherit;font-size:inherit;line-height:inherit}.elementor-widget-heading .elementor-heading-title.elementor-size-small{font-size:15px}.elementor-widget-heading .elementor-heading-title.elementor-size-medium{font-size:19px}.elementor-widget-heading .elementor-heading-title.elementor-size-large{font-size:29px}.elementor-widget-heading .elementor-heading-title.elementor-size-xl{font-size:39px}.elementor-widget-heading .elementor-heading-title.elementor-size-xxl{font-size:59px}<\/style>\n<h3>ACLC offre des cours pour les personnes qui cherchent \u00e0 apprendre l&rsquo;allemand<\/h3>\n<style>\/*! elementor - v3.5.3 - 28-12-2021 *\/\n@media (min-width:768px){.elementor-widget-icon-box.elementor-position-left .elementor-icon-box-wrapper,.elementor-widget-icon-box.elementor-position-right .elementor-icon-box-wrapper{display:-webkit-box;display:-ms-flexbox;display:flex}.elementor-widget-icon-box.elementor-position-left .elementor-icon-box-icon,.elementor-widget-icon-box.elementor-position-right .elementor-icon-box-icon{display:-webkit-inline-box;display:-ms-inline-flexbox;display:inline-flex;-webkit-box-flex:0;-ms-flex:0 0 auto;flex:0 0 auto}.elementor-widget-icon-box.elementor-position-right .elementor-icon-box-wrapper{text-align:right;-webkit-box-orient:horizontal;-webkit-box-direction:reverse;-ms-flex-direction:row-reverse;flex-direction:row-reverse}.elementor-widget-icon-box.elementor-position-left .elementor-icon-box-wrapper{text-align:left;-webkit-box-orient:horizontal;-webkit-box-direction:normal;-ms-flex-direction:row;flex-direction:row}.elementor-widget-icon-box.elementor-position-top .elementor-icon-box-img{margin:auto}.elementor-widget-icon-box.elementor-vertical-align-top .elementor-icon-box-wrapper{-webkit-box-align:start;-ms-flex-align:start;align-items:flex-start}.elementor-widget-icon-box.elementor-vertical-align-middle .elementor-icon-box-wrapper{-webkit-box-align:center;-ms-flex-align:center;align-items:center}.elementor-widget-icon-box.elementor-vertical-align-bottom .elementor-icon-box-wrapper{-webkit-box-align:end;-ms-flex-align:end;align-items:flex-end}}@media (max-width:767px){.elementor-widget-icon-box .elementor-icon-box-icon{margin-left:auto!important;margin-right:auto!important;margin-bottom:15px}}.elementor-widget-icon-box .elementor-icon-box-wrapper{text-align:center}.elementor-widget-icon-box .elementor-icon-box-title a{color:inherit}.elementor-widget-icon-box .elementor-icon-box-content{-webkit-box-flex:1;-ms-flex-positive:1;flex-grow:1}.elementor-widget-icon-box .elementor-icon-box-description{margin:0}<\/style>\n<h3>\n\t\t\t\t\t\tD\u00e8s le d\u00e9but<br \/>\n\t\t\t\t<\/h3>\n<p>\n\t\t\t\t\t\t&#8211; Nous offrons des niveaux A1 \u00e0 B1.<br \/>\n&#8211; Huit niveaux au total, 5 semaines par niveau.\t\t\t\t\t<\/p>\n<h3>\n\t\t\t\t\t\tPour aller \u00e0 l\u2019universit\u00e9 en Allemagne<br \/>\n\t\t\t\t<\/h3>\n<p>\n\t\t\t\t\t\t&#8211; Nous offrons des niveaux A1 \u00e0 B1.<br \/>\n&#8211; Huit niveaux au total, 5 semaines par niveau.\t\t\t\t\t<\/p>\n<h3>\n\t\t\t\t\t\tAu niveau avanc\u00e9<br \/>\n\t\t\t\t<\/h3>\n<p>\n\t\t\t\t\t\t&#8211; Nous offrons des niveaux B2 ou C1.<br \/>\n&#8211; Quatre niveaux chacun, 5 semaines par niveau.\t\t\t\t\t<\/p>\n<h3>\n\t\t\t\t\t\tTravailler en Allemagne<br \/>\n\t\t\t\t<\/h3>\n<p>\n\t\t\t\t\t\t&#8211; Nous offrons des niveaux A1 \u00e0 B1.<br \/>\n&#8211; Huit niveaux au total, 5 semaines par niveau.\t\t\t\t\t<\/p>\n<h3>Les cours d&rsquo;allemand sont enseign\u00e9s par des Allemands de langue maternelle et certifi\u00e9s !<\/h3>\n","protected":false},"excerpt":{"rendered":"<p>ACLC offre des cours pour les personnes qui cherchent \u00e0 apprendre l&rsquo;allemand D\u00e8s le d\u00e9but &#8211; Nous offrons des niveaux A1 \u00e0 B1. &#8211; Huit niveaux au total, 5 semaines par niveau. Pour aller \u00e0 l\u2019universit\u00e9 en Allemagne &#8211; Nous offrons des niveaux A1 \u00e0 B1. &#8211; Huit niveaux au&hellip;<\/p>\n","protected":false},"author":1,"featured_media":0,"parent":0,"menu_order":0,"comment_status":"closed","ping_status":"closed","template":"elementor_header_footer","meta":{"footnotes":""},"class_list":["post-775","page","type-page","status-publish","hentry"],"_links":{"self":[{"href":"https:\/\/aclc.ma\/FR\/wp-json\/wp\/v2\/pages\/775","targetHints":{"allow":["GET"]}}],"collection":[{"href":"https:\/\/aclc.ma\/FR\/wp-json\/wp\/v2\/pages"}],"about":[{"href":"https:\/\/aclc.ma\/FR\/wp-json\/wp\/v2\/types\/page"}],"author":[{"embeddable":true,"href":"https:\/\/aclc.ma\/FR\/wp-json\/wp\/v2\/users\/1"}],"replies":[{"embeddable":true,"href":"https:\/\/aclc.ma\/FR\/wp-json\/wp\/v2\/comments?post=775"}],"version-history":[{"count":125,"href":"https:\/\/aclc.ma\/FR\/wp-json\/wp\/v2\/pages\/775\/revisions"}],"predecessor-version":[{"id":2921,"href":"https:\/\/aclc.ma\/FR\/wp-json\/wp\/v2\/pages\/775\/revisions\/2921"}],"wp:attachment":[{"href":"https:\/\/aclc.ma\/FR\/wp-json\/wp\/v2\/media?parent=775"}],"curies":[{"name":"wp","href":"https:\/\/api.w.org\/{rel}","templated":true}]}}